{"id":313,"date":"2025-07-27T05:17:17","date_gmt":"2025-07-27T05:17:17","guid":{"rendered":"https:\/\/portariaremotasaopaulo.com.br\/index.php\/penny-grow-services\/"},"modified":"2025-09-22T01:16:40","modified_gmt":"2025-09-22T01:16:40","slug":"servicos","status":"publish","type":"page","link":"https:\/\/portariaremotasaopaulo.com.br\/index.php\/servicos\/","title":{"rendered":"Servi\u00e7os"},"content":{"rendered":"\t\t<div data-elementor-type=\"wp-page\" data-elementor-id=\"313\" class=\"elementor elementor-313\" data-elementor-post-type=\"page\">\n\t\t\t\t\t\t<section class=\"elementor-section elementor-top-section elementor-element elementor-element-a70d23e elementor-reverse-tablet elementor-reverse-mobile elementor-section-boxed elementor-section-height-default elementor-section-height-default\" data-id=\"a70d23e\" data-element_type=\"section\" data-settings=\"{&quot;background_background&quot;:&quot;gradient&quot;}\">\n\t\t\t\t\t\t\t<div class=\"elementor-background-overlay\"><\/div>\n\t\t\t\t\t\t\t<div class=\"elementor-container elementor-column-gap-no\">\n\t\t\t\t\t<div class=\"elementor-column elementor-col-100 elementor-top-column elementor-element elementor-element-6bb4d07\" data-id=\"6bb4d07\" data-element_type=\"column\">\n\t\t\t<div class=\"elementor-widget-wrap elementor-element-populated\">\n\t\t\t\t\t\t<div class=\"elementor-element elementor-element-518e693 elementor-widget elementor-widget-heading\" data-id=\"518e693\" data-element_type=\"widget\" data-widget_type=\"heading.default\">\n\t\t\t\t\t<h1 class=\"elementor-heading-title elementor-size-default\">Como Funciona<\/h1>\t\t\t\t<\/div>\n\t\t\t\t<div class=\"elementor-element elementor-element-38f9580 elementor-widget elementor-widget-heading\" data-id=\"38f9580\" data-element_type=\"widget\" data-widget_type=\"heading.default\">\n\t\t\t\t\t<p class=\"elementor-heading-title elementor-size-default\">Na PRSP, a portaria remota funciona com atendimento 24h, c\u00e2meras, biometria e software inteligente, garantindo seguran\u00e7a, controle e agilidade ao condom\u00ednio.<\/p>\t\t\t\t<\/div>\n\t\t\t\t<div class=\"elementor-element elementor-element-31c5ccb elementor-tablet-align-center elementor-align-center elementor-widget elementor-widget-button\" data-id=\"31c5ccb\" data-element_type=\"widget\" data-widget_type=\"button.default\">\n\t\t\t\t\t\t\t\t\t\t<a class=\"elementor-button elementor-button-link elementor-size-md elementor-animation-shrink\" href=\"#\">\n\t\t\t\t\t\t<span class=\"elementor-button-content-wrapper\">\n\t\t\t\t\t\t\t\t\t<span class=\"elementor-button-text\">Fale conosco<\/span>\n\t\t\t\t\t<\/span>\n\t\t\t\t\t<\/a>\n\t\t\t\t\t\t\t\t<\/div>\n\t\t\t\t\t<\/div>\n\t\t<\/div>\n\t\t\t\t\t<\/div>\n\t\t<\/section>\n\t\t\t\t<section class=\"elementor-section elementor-top-section elementor-element elementor-element-ec0c83b elementor-section-content-middle elementor-section-boxed elementor-section-height-default elementor-section-height-default\" data-id=\"ec0c83b\" data-element_type=\"section\">\n\t\t\t\t\t\t<div class=\"elementor-container elementor-column-gap-no\">\n\t\t\t\t\t<div class=\"elementor-column elementor-col-50 elementor-top-column elementor-element elementor-element-6cc95a5\" data-id=\"6cc95a5\" data-element_type=\"column\">\n\t\t\t<div class=\"elementor-widget-wrap elementor-element-populated\">\n\t\t\t\t\t\t<div class=\"elementor-element elementor-element-e2ffc96 animated-slow elementor-invisible elementor-widget elementor-widget-image\" data-id=\"e2ffc96\" data-element_type=\"widget\" data-settings=\"{&quot;_animation&quot;:&quot;fadeInUp&quot;}\" data-widget_type=\"image.default\">\n\t\t\t\t\t\t\t\t\t\t\t\t\t\t\t<img fetchpriority=\"high\" decoding=\"async\" width=\"890\" height=\"847\" src=\"https:\/\/portariaremotasaopaulo.com.br\/wp-content\/uploads\/2025\/07\/Security-Camera-white-e1619874506151.png\" class=\"attachment-full size-full wp-image-154\" alt=\"\" srcset=\"https:\/\/portariaremotasaopaulo.com.br\/wp-content\/uploads\/2025\/07\/Security-Camera-white-e1619874506151.png 890w, https:\/\/portariaremotasaopaulo.com.br\/wp-content\/uploads\/2025\/07\/Security-Camera-white-e1619874506151-300x286.png 300w, https:\/\/portariaremotasaopaulo.com.br\/wp-content\/uploads\/2025\/07\/Security-Camera-white-e1619874506151-768x731.png 768w\" sizes=\"(max-width: 890px) 100vw, 890px\" \/>\t\t\t\t\t\t\t\t\t\t\t\t\t\t\t<\/div>\n\t\t\t\t\t<\/div>\n\t\t<\/div>\n\t\t\t\t<div class=\"elementor-column elementor-col-50 elementor-top-column elementor-element elementor-element-411cb0b\" data-id=\"411cb0b\" data-element_type=\"column\">\n\t\t\t<div class=\"elementor-widget-wrap elementor-element-populated\">\n\t\t\t\t\t\t<div class=\"elementor-element elementor-element-eda813e elementor-widget elementor-widget-heading\" data-id=\"eda813e\" data-element_type=\"widget\" data-widget_type=\"heading.default\">\n\t\t\t\t\t<h2 class=\"elementor-heading-title elementor-size-default\">Acesso controlado \u00e0 dist\u00e2ncia<\/h2>\t\t\t\t<\/div>\n\t\t\t\t<div class=\"elementor-element elementor-element-a2d1ec2 elementor-widget elementor-widget-heading\" data-id=\"a2d1ec2\" data-element_type=\"widget\" data-widget_type=\"heading.default\">\n\t\t\t\t\t<p class=\"elementor-heading-title elementor-size-default\">O acesso controlado \u00e0 dist\u00e2ncia garante seguran\u00e7a e praticidade para condom\u00ednios e empresas. Com tecnologia de ponta, c\u00e2meras, biometria e softwares inteligentes, cada entrada \u00e9 monitorada em tempo real. \n\n<\/p>\t\t\t\t<\/div>\n\t\t\t\t<div class=\"elementor-element elementor-element-14b624f elementor-widget elementor-widget-heading\" data-id=\"14b624f\" data-element_type=\"widget\" data-widget_type=\"heading.default\">\n\t\t\t\t\t<p class=\"elementor-heading-title elementor-size-default\">Isso reduz riscos, evita falhas humanas e assegura que apenas pessoas autorizadas tenham acesso ao local.\n\n<\/p>\t\t\t\t<\/div>\n\t\t\t\t\t<\/div>\n\t\t<\/div>\n\t\t\t\t\t<\/div>\n\t\t<\/section>\n\t\t\t\t<section class=\"elementor-section elementor-top-section elementor-element elementor-element-453eee8 elementor-reverse-mobile elementor-section-content-middle elementor-section-boxed elementor-section-height-default elementor-section-height-default\" data-id=\"453eee8\" data-element_type=\"section\">\n\t\t\t\t\t\t<div class=\"elementor-container elementor-column-gap-no\">\n\t\t\t\t\t<div class=\"elementor-column elementor-col-50 elementor-top-column elementor-element elementor-element-f77fd8b\" data-id=\"f77fd8b\" data-element_type=\"column\">\n\t\t\t<div class=\"elementor-widget-wrap elementor-element-populated\">\n\t\t\t\t\t\t<div class=\"elementor-element elementor-element-00b9342 elementor-widget elementor-widget-heading\" data-id=\"00b9342\" data-element_type=\"widget\" data-widget_type=\"heading.default\">\n\t\t\t\t\t<h2 class=\"elementor-heading-title elementor-size-default\">Reconhecimento Facial e acesso inteligente<\/h2>\t\t\t\t<\/div>\n\t\t\t\t<div class=\"elementor-element elementor-element-ace3d5f elementor-widget elementor-widget-heading\" data-id=\"ace3d5f\" data-element_type=\"widget\" data-widget_type=\"heading.default\">\n\t\t\t\t\t<p class=\"elementor-heading-title elementor-size-default\">A Biometria facial \u00e9 um facilitador na entrada ao condom\u00ednio e garante uma entrada r\u00e1pida e segura.<\/p>\t\t\t\t<\/div>\n\t\t\t\t<div class=\"elementor-element elementor-element-b9aba0b elementor-widget elementor-widget-heading\" data-id=\"b9aba0b\" data-element_type=\"widget\" data-widget_type=\"heading.default\">\n\t\t\t\t\t<p class=\"elementor-heading-title elementor-size-default\">Fast Pass \u00e9 um link enviado ao visitante que agiliza o acesso ao condom\u00ednio. Simples e seguro, elimina burocracias, garante praticidade e fortalece o controle de entrada.<\/p>\t\t\t\t<\/div>\n\t\t\t\t\t<\/div>\n\t\t<\/div>\n\t\t\t\t<div class=\"elementor-column elementor-col-50 elementor-top-column elementor-element elementor-element-d1c212a\" data-id=\"d1c212a\" data-element_type=\"column\">\n\t\t\t<div class=\"elementor-widget-wrap elementor-element-populated\">\n\t\t\t\t\t\t<div class=\"elementor-element elementor-element-e7f55d4 animated-slow elementor-invisible elementor-widget elementor-widget-image\" data-id=\"e7f55d4\" data-element_type=\"widget\" data-settings=\"{&quot;_animation&quot;:&quot;fadeInUp&quot;}\" data-widget_type=\"image.default\">\n\t\t\t\t\t\t\t\t\t\t\t\t\t\t\t<img decoding=\"async\" width=\"800\" height=\"400\" src=\"https:\/\/portariaremotasaopaulo.com.br\/wp-content\/uploads\/2025\/07\/prsp-6.png\" class=\"attachment-full size-full wp-image-425\" alt=\"\" srcset=\"https:\/\/portariaremotasaopaulo.com.br\/wp-content\/uploads\/2025\/07\/prsp-6.png 800w, https:\/\/portariaremotasaopaulo.com.br\/wp-content\/uploads\/2025\/07\/prsp-6-300x150.png 300w, https:\/\/portariaremotasaopaulo.com.br\/wp-content\/uploads\/2025\/07\/prsp-6-768x384.png 768w\" sizes=\"(max-width: 800px) 100vw, 800px\" \/>\t\t\t\t\t\t\t\t\t\t\t\t\t\t\t<\/div>\n\t\t\t\t\t<\/div>\n\t\t<\/div>\n\t\t\t\t\t<\/div>\n\t\t<\/section>\n\t\t\t\t<section class=\"elementor-section elementor-top-section elementor-element elementor-element-aa1c2f6 elementor-section-content-middle elementor-section-boxed elementor-section-height-default elementor-section-height-default\" data-id=\"aa1c2f6\" data-element_type=\"section\">\n\t\t\t\t\t\t<div class=\"elementor-container elementor-column-gap-no\">\n\t\t\t\t\t<div class=\"elementor-column elementor-col-50 elementor-top-column elementor-element elementor-element-827e5a0\" data-id=\"827e5a0\" data-element_type=\"column\">\n\t\t\t<div class=\"elementor-widget-wrap elementor-element-populated\">\n\t\t\t\t\t\t<div class=\"elementor-element elementor-element-2787c61 animated-slow elementor-invisible elementor-widget elementor-widget-image\" data-id=\"2787c61\" data-element_type=\"widget\" data-settings=\"{&quot;_animation&quot;:&quot;fadeInUp&quot;}\" data-widget_type=\"image.default\">\n\t\t\t\t\t\t\t\t\t\t\t\t\t\t\t<img decoding=\"async\" width=\"800\" height=\"400\" src=\"https:\/\/portariaremotasaopaulo.com.br\/wp-content\/uploads\/2025\/07\/prsp-5.png\" class=\"attachment-full size-full wp-image-424\" alt=\"\" srcset=\"https:\/\/portariaremotasaopaulo.com.br\/wp-content\/uploads\/2025\/07\/prsp-5.png 800w, https:\/\/portariaremotasaopaulo.com.br\/wp-content\/uploads\/2025\/07\/prsp-5-300x150.png 300w, https:\/\/portariaremotasaopaulo.com.br\/wp-content\/uploads\/2025\/07\/prsp-5-768x384.png 768w\" sizes=\"(max-width: 800px) 100vw, 800px\" \/>\t\t\t\t\t\t\t\t\t\t\t\t\t\t\t<\/div>\n\t\t\t\t\t<\/div>\n\t\t<\/div>\n\t\t\t\t<div class=\"elementor-column elementor-col-50 elementor-top-column elementor-element elementor-element-6d9f459\" data-id=\"6d9f459\" data-element_type=\"column\">\n\t\t\t<div class=\"elementor-widget-wrap elementor-element-populated\">\n\t\t\t\t\t\t<div class=\"elementor-element elementor-element-b879570 elementor-widget elementor-widget-heading\" data-id=\"b879570\" data-element_type=\"widget\" data-widget_type=\"heading.default\">\n\t\t\t\t\t<h2 class=\"elementor-heading-title elementor-size-default\">Monitoramento 24h com resposta r\u00e1pida<\/h2>\t\t\t\t<\/div>\n\t\t\t\t<div class=\"elementor-element elementor-element-acc0d78 elementor-widget elementor-widget-heading\" data-id=\"acc0d78\" data-element_type=\"widget\" data-widget_type=\"heading.default\">\n\t\t\t\t\t<p class=\"elementor-heading-title elementor-size-default\">Atendimento 24h com resposta r\u00e1pida: em at\u00e9 10 segundos, no primeiro toque, voc\u00ea \u00e9 atendido com efici\u00eancia e seguran\u00e7a.<\/p>\t\t\t\t<\/div>\n\t\t\t\t<div class=\"elementor-element elementor-element-940262f elementor-widget elementor-widget-heading\" data-id=\"940262f\" data-element_type=\"widget\" data-widget_type=\"heading.default\">\n\t\t\t\t\t<p class=\"elementor-heading-title elementor-size-default\">Monitoramos o TMA( Tempo m\u00e9dio de atendimento) e geramos relat\u00f3rios mensais B.I ( Business Intelligence)<\/p>\t\t\t\t<\/div>\n\t\t\t\t\t<\/div>\n\t\t<\/div>\n\t\t\t\t\t<\/div>\n\t\t<\/section>\n\t\t\t\t<section class=\"elementor-section elementor-top-section elementor-element elementor-element-a201692 elementor-reverse-mobile elementor-section-content-middle elementor-section-boxed elementor-section-height-default elementor-section-height-default\" data-id=\"a201692\" data-element_type=\"section\">\n\t\t\t\t\t\t<div class=\"elementor-container elementor-column-gap-no\">\n\t\t\t\t\t<div class=\"elementor-column elementor-col-50 elementor-top-column elementor-element elementor-element-36b6269\" data-id=\"36b6269\" data-element_type=\"column\">\n\t\t\t<div class=\"elementor-widget-wrap elementor-element-populated\">\n\t\t\t\t\t\t<div class=\"elementor-element elementor-element-67805de elementor-widget elementor-widget-heading\" data-id=\"67805de\" data-element_type=\"widget\" data-widget_type=\"heading.default\">\n\t\t\t\t\t<h2 class=\"elementor-heading-title elementor-size-default\">Manuten\u00e7\u00e3o, suporte e relat\u00f3rios<\/h2>\t\t\t\t<\/div>\n\t\t\t\t<div class=\"elementor-element elementor-element-186ada9 elementor-widget elementor-widget-heading\" data-id=\"186ada9\" data-element_type=\"widget\" data-widget_type=\"heading.default\">\n\t\t\t\t\t<p class=\"elementor-heading-title elementor-size-default\">Manuten\u00e7\u00e3o 24h com SLA atendido, suporte via SAC e relat\u00f3rios detalhados emitidos a cada visita ou atendimento realizado.<\/p>\t\t\t\t<\/div>\n\t\t\t\t<div class=\"elementor-element elementor-element-d218535 elementor-widget elementor-widget-heading\" data-id=\"d218535\" data-element_type=\"widget\" data-widget_type=\"heading.default\">\n\t\t\t\t\t<p class=\"elementor-heading-title elementor-size-default\">Conte com uma equipe dedicada 24 horas por dia, surgiu a emerg\u00eancia estamos de prontid\u00e3o para fazer nosso melhor.<\/p>\t\t\t\t<\/div>\n\t\t\t\t\t<\/div>\n\t\t<\/div>\n\t\t\t\t<div class=\"elementor-column elementor-col-50 elementor-top-column elementor-element elementor-element-5587b53\" data-id=\"5587b53\" data-element_type=\"column\">\n\t\t\t<div class=\"elementor-widget-wrap elementor-element-populated\">\n\t\t\t\t\t\t<div class=\"elementor-element elementor-element-cf2c8e9 animated-slow elementor-invisible elementor-widget elementor-widget-image\" data-id=\"cf2c8e9\" data-element_type=\"widget\" data-settings=\"{&quot;_animation&quot;:&quot;fadeInUp&quot;}\" data-widget_type=\"image.default\">\n\t\t\t\t\t\t\t\t\t\t\t\t\t\t\t<img loading=\"lazy\" decoding=\"async\" width=\"800\" height=\"400\" src=\"https:\/\/portariaremotasaopaulo.com.br\/wp-content\/uploads\/2025\/07\/prsp-7.png\" class=\"attachment-full size-full wp-image-426\" alt=\"\" srcset=\"https:\/\/portariaremotasaopaulo.com.br\/wp-content\/uploads\/2025\/07\/prsp-7.png 800w, https:\/\/portariaremotasaopaulo.com.br\/wp-content\/uploads\/2025\/07\/prsp-7-300x150.png 300w, https:\/\/portariaremotasaopaulo.com.br\/wp-content\/uploads\/2025\/07\/prsp-7-768x384.png 768w\" sizes=\"(max-width: 800px) 100vw, 800px\" \/>\t\t\t\t\t\t\t\t\t\t\t\t\t\t\t<\/div>\n\t\t\t\t\t<\/div>\n\t\t<\/div>\n\t\t\t\t\t<\/div>\n\t\t<\/section>\n\t\t\t\t<section class=\"elementor-section elementor-top-section elementor-element elementor-element-5266a27 elementor-section-boxed elementor-section-height-default elementor-section-height-default\" data-id=\"5266a27\" data-element_type=\"section\" data-settings=\"{&quot;background_background&quot;:&quot;classic&quot;}\">\n\t\t\t\t\t\t\t<div class=\"elementor-background-overlay\"><\/div>\n\t\t\t\t\t\t\t<div class=\"elementor-container elementor-column-gap-no\">\n\t\t\t\t\t<div class=\"elementor-column elementor-col-100 elementor-top-column elementor-element elementor-element-d647922\" data-id=\"d647922\" data-element_type=\"column\" data-settings=\"{&quot;background_background&quot;:&quot;classic&quot;}\">\n\t\t\t<div class=\"elementor-widget-wrap elementor-element-populated\">\n\t\t\t\t\t<div class=\"elementor-background-overlay\"><\/div>\n\t\t\t\t\t\t<div class=\"elementor-element elementor-element-4a3d719 elementor-widget__width-initial elementor-widget-tablet__width-inherit elementor-widget elementor-widget-heading\" data-id=\"4a3d719\" data-element_type=\"widget\" data-widget_type=\"heading.default\">\n\t\t\t\t\t<h2 class=\"elementor-heading-title elementor-size-default\">E o melhor: tudo isso com muita economia<\/h2>\t\t\t\t<\/div>\n\t\t\t\t<div class=\"elementor-element elementor-element-3eb3b34 elementor-widget elementor-widget-heading\" data-id=\"3eb3b34\" data-element_type=\"widget\" data-widget_type=\"heading.default\">\n\t\t\t\t\t<p class=\"elementor-heading-title elementor-size-default\">Al\u00e9m de aumentar a seguran\u00e7a, voc\u00ea reduz significativamente os gastos com a folha de pagamento da portaria, encargos trabalhistas, aus\u00eancias e problemas operacionais.<\/p>\t\t\t\t<\/div>\n\t\t\t\t<div class=\"elementor-element elementor-element-bbe4779 elementor-widget__width-initial eael-fluentform-form-button-custom elementor-widget elementor-widget-eael-fluentform\" data-id=\"bbe4779\" data-element_type=\"widget\" data-widget_type=\"eael-fluentform.default\">\n\t\t\t\t\t        <div class=\"eael-contact-form eael-fluent-form-wrapper clearfix fluent-form-labels-hide eael-contact-form-align-center\">\n\n            \n                    <\/div>\n\n        \t\t\t\t<\/div>\n\t\t\t\t\t<\/div>\n\t\t<\/div>\n\t\t\t\t\t<\/div>\n\t\t<\/section>\n\t\t\t\t<\/div>\n\t\t","protected":false},"excerpt":{"rendered":"<p>Como Funciona Na PRSP, a portaria remota funciona com atendimento 24h, c\u00e2meras, biometria e software inteligente, garantindo seguran\u00e7a, controle e agilidade ao condom\u00ednio. Fale conosco Acesso controlado \u00e0 dist\u00e2ncia O acesso controlado \u00e0 dist\u00e2ncia garante seguran\u00e7a e praticidade para condom\u00ednios e empresas. Com tecnologia de ponta, c\u00e2meras, biometria e softwares inteligentes, cada entrada \u00e9 monitorada [&hellip;]<\/p>\n","protected":false},"author":1,"featured_media":0,"parent":0,"menu_order":0,"comment_status":"closed","ping_status":"closed","template":"elementor_header_footer","meta":{"footnotes":""},"class_list":["post-313","page","type-page","status-publish","hentry"],"_links":{"self":[{"href":"https:\/\/portariaremotasaopaulo.com.br\/index.php\/wp-json\/wp\/v2\/pages\/313","targetHints":{"allow":["GET"]}}],"collection":[{"href":"https:\/\/portariaremotasaopaulo.com.br\/index.php\/wp-json\/wp\/v2\/pages"}],"about":[{"href":"https:\/\/portariaremotasaopaulo.com.br\/index.php\/wp-json\/wp\/v2\/types\/page"}],"author":[{"embeddable":true,"href":"https:\/\/portariaremotasaopaulo.com.br\/index.php\/wp-json\/wp\/v2\/users\/1"}],"replies":[{"embeddable":true,"href":"https:\/\/portariaremotasaopaulo.com.br\/index.php\/wp-json\/wp\/v2\/comments?post=313"}],"version-history":[{"count":19,"href":"https:\/\/portariaremotasaopaulo.com.br\/index.php\/wp-json\/wp\/v2\/pages\/313\/revisions"}],"predecessor-version":[{"id":495,"href":"https:\/\/portariaremotasaopaulo.com.br\/index.php\/wp-json\/wp\/v2\/pages\/313\/revisions\/495"}],"wp:attachment":[{"href":"https:\/\/portariaremotasaopaulo.com.br\/index.php\/wp-json\/wp\/v2\/media?parent=313"}],"curies":[{"name":"wp","href":"https:\/\/api.w.org\/{rel}","templated":true}]}}